{"id":1776,"date":"2015-11-10T13:02:43","date_gmt":"2015-11-10T13:02:43","guid":{"rendered":"http:\/\/chandelier.elated-themes.com\/?page_id=1776"},"modified":"2022-01-31T15:55:31","modified_gmt":"2022-01-31T15:55:31","slug":"appareils","status":"publish","type":"page","link":"https:\/\/www.privair.com\/fr\/appareils\/","title":{"rendered":"Appareils"},"content":{"rendered":"<p>[vc_row row_type=\u00a0\u00bbrow\u00a0\u00bb content_width=\u00a0\u00bbfull-width\u00a0\u00bb anchor=\u00a0\u00bb\u00a0\u00bb content_aligment=\u00a0\u00bbleft\u00a0\u00bb css_animation=\u00a0\u00bb\u00a0\u00bb][vc_column]<div class=\"eltd-section-title-outer-holder animate\" style=\"text-align: center\">\n\t<div class=\"eltd-section-title-subtitle-holder\">\n\t\t<h3 class=\"eltd-section-subtitle\" style=\";color: #c8a482\">Les<\/h3>\n\t<\/div>\n\t<div class=\"eltd-section-title-holder\">\n\t\t<h2 class=\"eltd-section-title\" style=\";\">Appareils<\/h2>\n\t<\/div>\n<\/div>[vc_empty_space height=\u00a0\u00bb80px\u00a0\u00bb][\/vc_column][\/vc_row][vc_row row_type=\u00a0\u00bbrow\u00a0\u00bb content_width=\u00a0\u00bbgrid\u00a0\u00bb anchor=\u00a0\u00bb\u00a0\u00bb content_aligment=\u00a0\u00bbleft\u00a0\u00bb css_animation=\u00a0\u00bb\u00a0\u00bb][vc_column width=\u00a0\u00bb1\/2&Prime;][vc_single_image image=\u00a0\u00bb4880&Prime; img_size=\u00a0\u00bblarge\u00a0\u00bb css_animation=\u00a0\u00bbfadeInUp\u00a0\u00bb][\/vc_column][vc_column css_animation=\u00a0\u00bbfadeInUp\u00a0\u00bb width=\u00a0\u00bb1\/2&Prime;][vc_column_text el_class=\u00a0\u00bbbox-service\u00a0\u00bb css=\u00a0\u00bb.vc_custom_1642868450794{margin-top: 24px !important;}\u00a0\u00bb]<\/p>\n<h6>CITATION MUSTANG<\/h6>\n<p>Le jet l\u00e9ger pr\u00e9f\u00e9r\u00e9 au monde : simple, s\u00fbr et fiable.<\/p>\n<p><img loading=\"lazy\" decoding=\"async\" class=\"alignnone wp-image-4947\" style=\"margin: 0 0 -5px 0px;\" src=\"https:\/\/privair.com\/wp-content\/uploads\/2021\/06\/Group-3.jpg\" alt=\"\" width=\"48\" height=\"30\" \/>\u00a01800 km<\/p>\n<p><img loading=\"lazy\" decoding=\"async\" class=\"alignnone wp-image-4948\" src=\"https:\/\/privair.com\/wp-content\/uploads\/2021\/06\/Group-4.jpg\" alt=\"\" width=\"48\" height=\"30\" \/> 4 personnes<\/p>\n<p><img loading=\"lazy\" decoding=\"async\" class=\"alignnone wp-image-4949\" src=\"https:\/\/privair.com\/wp-content\/uploads\/2021\/06\/Group-2.jpg\" alt=\"\" width=\"48\" height=\"30\" \/> 630 km\/h[\/vc_column_text]<a href=\"\/fr\/citation-mustang\" target=\"_self\" style=\"margin: 24px 0 0 0\" class=\"eltd-btn eltd-btn-medium eltd-btn-outline\"  >\n    <span class=\"eltd-btn-text\">d\u00e9couvrir<\/span>\n    <\/a>[\/vc_column][\/vc_row][vc_row row_type=\u00a0\u00bbrow\u00a0\u00bb content_width=\u00a0\u00bbfull-width\u00a0\u00bb anchor=\u00a0\u00bb\u00a0\u00bb content_aligment=\u00a0\u00bbleft\u00a0\u00bb css_animation=\u00a0\u00bb\u00a0\u00bb][vc_column][vc_empty_space][\/vc_column][\/vc_row][vc_row row_type=\u00a0\u00bbrow\u00a0\u00bb content_width=\u00a0\u00bbgrid\u00a0\u00bb anchor=\u00a0\u00bb\u00a0\u00bb content_aligment=\u00a0\u00bbleft\u00a0\u00bb css_animation=\u00a0\u00bb\u00a0\u00bb el_class=\u00a0\u00bbreverse-bloc-right\u00a0\u00bb][vc_column css_animation=\u00a0\u00bbfadeInUp\u00a0\u00bb width=\u00a0\u00bb1\/2&Prime;][vc_column_text el_class=\u00a0\u00bbbox-service text-right\u00a0\u00bb css=\u00a0\u00bb.vc_custom_1642868441292{margin-top: 24px !important;}\u00a0\u00bb]<\/p>\n<h6 class=\"text-right\">CITATION M2<\/h6>\n<p>Pour aller plus loin, plus vite et avec plus de confort.<\/p>\n<p>2200 km<img loading=\"lazy\" decoding=\"async\" class=\"alignnone wp-image-4947\" src=\"https:\/\/privair.com\/wp-content\/uploads\/2021\/06\/Group-3.jpg\" alt=\"\" width=\"48\" height=\"30\" \/><\/p>\n<p>6 personnes<img loading=\"lazy\" decoding=\"async\" class=\"alignnone wp-image-4948\" src=\"https:\/\/privair.com\/wp-content\/uploads\/2021\/06\/Group-4.jpg\" alt=\"\" width=\"48\" height=\"30\" \/><\/p>\n<p>750 km\/h<img loading=\"lazy\" decoding=\"async\" class=\"alignnone wp-image-4949\" src=\"https:\/\/privair.com\/wp-content\/uploads\/2021\/06\/Group-2.jpg\" alt=\"\" width=\"48\" height=\"30\" \/>[\/vc_column_text]<a href=\"\/fr\/citation-m2\" target=\"_self\" style=\"margin: 24px 0 0 0\" class=\"eltd-btn eltd-btn-medium eltd-btn-outline float-right\"  >\n    <span class=\"eltd-btn-text\">d\u00e9couvrir<\/span>\n    <\/a>[\/vc_column][vc_column css_animation=\u00a0\u00bbfadeInUp\u00a0\u00bb width=\u00a0\u00bb1\/2&Prime;][vc_single_image image=\u00a0\u00bb4881&Prime; img_size=\u00a0\u00bblarge\u00a0\u00bb][\/vc_column][\/vc_row][vc_row row_type=\u00a0\u00bbrow\u00a0\u00bb content_width=\u00a0\u00bbfull-width\u00a0\u00bb anchor=\u00a0\u00bb\u00a0\u00bb content_aligment=\u00a0\u00bbleft\u00a0\u00bb css_animation=\u00a0\u00bb\u00a0\u00bb][vc_column][vc_empty_space][\/vc_column][\/vc_row][vc_row row_type=\u00a0\u00bbrow\u00a0\u00bb content_width=\u00a0\u00bbgrid\u00a0\u00bb anchor=\u00a0\u00bb\u00a0\u00bb content_aligment=\u00a0\u00bbleft\u00a0\u00bb css_animation=\u00a0\u00bb\u00a0\u00bb][vc_column css_animation=\u00a0\u00bbfadeInUp\u00a0\u00bb width=\u00a0\u00bb1\/2&Prime;][vc_single_image image=\u00a0\u00bb4869&Prime; img_size=\u00a0\u00bblarge\u00a0\u00bb][\/vc_column][vc_column css_animation=\u00a0\u00bbfadeInUp\u00a0\u00bb width=\u00a0\u00bb1\/2&Prime;][vc_column_text el_class=\u00a0\u00bbbox-service\u00a0\u00bb css=\u00a0\u00bb.vc_custom_1642868481090{margin-top: 24px !important;}\u00a0\u00bb]<\/p>\n<h6>H\u00c9LICOPT\u00c8RES<\/h6>\n<p>Gr\u00e2ce \u00e0 nos partenaires, nous pr\u00e9parons vos pr\u00e9 et post acheminements en h\u00e9licopt\u00e8re pour vous amener plus vite \u00e0 votre destination finale.<\/p>\n<p><img loading=\"lazy\" decoding=\"async\" class=\"alignnone wp-image-4947\" src=\"https:\/\/privair.com\/wp-content\/uploads\/2021\/06\/Group-3.jpg\" alt=\"\" width=\"48\" height=\"30\" \/>\u00a0200 km<\/p>\n<p><img loading=\"lazy\" decoding=\"async\" class=\"alignnone wp-image-4948\" src=\"https:\/\/privair.com\/wp-content\/uploads\/2021\/06\/Group-4.jpg\" alt=\"\" width=\"48\" height=\"30\" \/>\u00a06 personnes<\/p>\n<p><img loading=\"lazy\" decoding=\"async\" class=\"alignnone wp-image-4949\" src=\"https:\/\/privair.com\/wp-content\/uploads\/2021\/06\/Group-2.jpg\" alt=\"\" width=\"48\" height=\"30\" \/>\u00a0200 km\/h[\/vc_column_text]<a href=\"\/fr\/helicoptere-prive\" target=\"_self\" style=\"margin: 24px 0 0 0\" class=\"eltd-btn eltd-btn-medium eltd-btn-outline\"  >\n    <span class=\"eltd-btn-text\">d\u00e9couvrir<\/span>\n    <\/a>[\/vc_column][\/vc_row][vc_row row_type=\u00a0\u00bbrow\u00a0\u00bb content_width=\u00a0\u00bbfull-width\u00a0\u00bb anchor=\u00a0\u00bb\u00a0\u00bb content_aligment=\u00a0\u00bbleft\u00a0\u00bb css_animation=\u00a0\u00bb\u00a0\u00bb][vc_column][vc_empty_space height=\u00a0\u00bb64&Prime;][\/vc_column][\/vc_row]<\/p>\n","protected":false},"excerpt":{"rendered":"<p>[vc_row row_type=\u00a0\u00bbrow\u00a0\u00bb content_width=\u00a0\u00bbfull-width\u00a0\u00bb anchor=\u00a0\u00bb\u00a0\u00bb content_aligment=\u00a0\u00bbleft\u00a0\u00bb css_animation=\u00a0\u00bb\u00a0\u00bb][vc_column][vc_empty_space height=\u00a0\u00bb80px\u00a0\u00bb][\/vc_column][\/vc_row][vc_row row_type=\u00a0\u00bbrow\u00a0\u00bb content_width=\u00a0\u00bbgrid\u00a0\u00bb anchor=\u00a0\u00bb\u00a0\u00bb content_aligment=\u00a0\u00bbleft\u00a0\u00bb css_animation=\u00a0\u00bb\u00a0\u00bb][vc_column width=\u00a0\u00bb1\/2&Prime;][vc_single_image image=\u00a0\u00bb4880&Prime; img_size=\u00a0\u00bblarge\u00a0\u00bb css_animation=\u00a0\u00bbfadeInUp\u00a0\u00bb][\/vc_column][vc_column css_animation=\u00a0\u00bbfadeInUp\u00a0\u00bb width=\u00a0\u00bb1\/2&Prime;][vc_column_text el_class=\u00a0\u00bbbox-service\u00a0\u00bb css=\u00a0\u00bb.vc_custom_1642868450794{margin-top: 24px !important;}\u00a0\u00bb] CITATION MUSTANG Le jet l\u00e9ger pr\u00e9f\u00e9r\u00e9 au monde : simple, s\u00fbr et fiable. \u00a01800 km 4 personnes 630 km\/h[\/vc_column_text][\/vc_column][\/vc_row][vc_row row_type=\u00a0\u00bbrow\u00a0\u00bb content_width=\u00a0\u00bbfull-width\u00a0\u00bb anchor=\u00a0\u00bb\u00a0\u00bb content_aligment=\u00a0\u00bbleft\u00a0\u00bb&#8230;<\/p>\n","protected":false},"author":1,"featured_media":0,"parent":0,"menu_order":0,"comment_status":"closed","ping_status":"closed","template":"","meta":{"footnotes":""},"class_list":["post-1776","page","type-page","status-publish","hentry"],"yoast_head":"<!-- This site is optimized with the Yoast SEO plugin v24.8.1 - https:\/\/yoast.com\/wordpress\/plugins\/seo\/ -->\n<title>Appareils - Priv&#039;Air<\/title>\n<meta name=\"robots\" content=\"index, follow, max-snippet:-1, max-image-preview:large, max-video-preview:-1\" \/>\n<link rel=\"canonical\" href=\"https:\/\/www.privair.com\/fr\/appareils\/\" \/>\n<meta property=\"og:locale\" content=\"fr_FR\" \/>\n<meta property=\"og:type\" content=\"article\" \/>\n<meta property=\"og:title\" content=\"Appareils - Priv&#039;Air\" \/>\n<meta property=\"og:description\" content=\"[vc_row row_type=\u00a0\u00bbrow\u00a0\u00bb content_width=\u00a0\u00bbfull-width\u00a0\u00bb anchor=\u00a0\u00bb\u00a0\u00bb content_aligment=\u00a0\u00bbleft\u00a0\u00bb css_animation=\u00a0\u00bb\u00a0\u00bb][vc_column][vc_empty_space height=\u00a0\u00bb80px\u00a0\u00bb][\/vc_column][\/vc_row][vc_row row_type=\u00a0\u00bbrow\u00a0\u00bb content_width=\u00a0\u00bbgrid\u00a0\u00bb anchor=\u00a0\u00bb\u00a0\u00bb content_aligment=\u00a0\u00bbleft\u00a0\u00bb css_animation=\u00a0\u00bb\u00a0\u00bb][vc_column width=\u00a0\u00bb1\/2&Prime;][vc_single_image image=\u00a0\u00bb4880&Prime; img_size=\u00a0\u00bblarge\u00a0\u00bb css_animation=\u00a0\u00bbfadeInUp\u00a0\u00bb][\/vc_column][vc_column css_animation=\u00a0\u00bbfadeInUp\u00a0\u00bb width=\u00a0\u00bb1\/2&Prime;][vc_column_text el_class=\u00a0\u00bbbox-service\u00a0\u00bb css=\u00a0\u00bb.vc_custom_1642868450794{margin-top: 24px !important;}\u00a0\u00bb] CITATION MUSTANG Le jet l\u00e9ger pr\u00e9f\u00e9r\u00e9 au monde : simple, s\u00fbr et fiable. \u00a01800 km 4 personnes 630 km\/h[\/vc_column_text][\/vc_column][\/vc_row][vc_row row_type=\u00a0\u00bbrow\u00a0\u00bb content_width=\u00a0\u00bbfull-width\u00a0\u00bb anchor=\u00a0\u00bb\u00a0\u00bb content_aligment=\u00a0\u00bbleft\u00a0\u00bb...\" \/>\n<meta property=\"og:url\" content=\"https:\/\/www.privair.com\/fr\/appareils\/\" \/>\n<meta property=\"og:site_name\" content=\"Priv&#039;Air\" \/>\n<meta property=\"article:modified_time\" content=\"2022-01-31T15:55:31+00:00\" \/>\n<meta property=\"og:image\" content=\"https:\/\/www.privair.com\/wp-content\/uploads\/2021\/06\/Group-3.jpg\" \/>\n\t<meta property=\"og:image:width\" content=\"209\" \/>\n\t<meta property=\"og:image:height\" content=\"132\" \/>\n\t<meta property=\"og:image:type\" content=\"image\/jpeg\" \/>\n<meta name=\"twitter:card\" content=\"summary_large_image\" \/>\n<meta name=\"twitter:label1\" content=\"Dur\u00e9e de lecture estim\u00e9e\" \/>\n\t<meta name=\"twitter:data1\" content=\"2 minutes\" \/>\n<script type=\"application\/ld+json\" class=\"yoast-schema-graph\">{\"@context\":\"https:\/\/schema.org\",\"@graph\":[{\"@type\":\"WebPage\",\"@id\":\"https:\/\/www.privair.com\/fr\/appareils\/\",\"url\":\"https:\/\/www.privair.com\/fr\/appareils\/\",\"name\":\"Appareils - Priv&#039;Air\",\"isPartOf\":{\"@id\":\"https:\/\/www.privair.com\/fr\/#website\"},\"primaryImageOfPage\":{\"@id\":\"https:\/\/www.privair.com\/fr\/appareils\/#primaryimage\"},\"image\":{\"@id\":\"https:\/\/www.privair.com\/fr\/appareils\/#primaryimage\"},\"thumbnailUrl\":\"https:\/\/privair.com\/wp-content\/uploads\/2021\/06\/Group-3.jpg\",\"datePublished\":\"2015-11-10T13:02:43+00:00\",\"dateModified\":\"2022-01-31T15:55:31+00:00\",\"breadcrumb\":{\"@id\":\"https:\/\/www.privair.com\/fr\/appareils\/#breadcrumb\"},\"inLanguage\":\"fr-FR\",\"potentialAction\":[{\"@type\":\"ReadAction\",\"target\":[\"https:\/\/www.privair.com\/fr\/appareils\/\"]}]},{\"@type\":\"ImageObject\",\"inLanguage\":\"fr-FR\",\"@id\":\"https:\/\/www.privair.com\/fr\/appareils\/#primaryimage\",\"url\":\"https:\/\/privair.com\/wp-content\/uploads\/2021\/06\/Group-3.jpg\",\"contentUrl\":\"https:\/\/privair.com\/wp-content\/uploads\/2021\/06\/Group-3.jpg\"},{\"@type\":\"BreadcrumbList\",\"@id\":\"https:\/\/www.privair.com\/fr\/appareils\/#breadcrumb\",\"itemListElement\":[{\"@type\":\"ListItem\",\"position\":1,\"name\":\"Home\",\"item\":\"https:\/\/www.privair.com\/fr\/\"},{\"@type\":\"ListItem\",\"position\":2,\"name\":\"Appareils\"}]},{\"@type\":\"WebSite\",\"@id\":\"https:\/\/www.privair.com\/fr\/#website\",\"url\":\"https:\/\/www.privair.com\/fr\/\",\"name\":\"Priv&#039;Air\",\"description\":\"Private Jets and Services\",\"potentialAction\":[{\"@type\":\"SearchAction\",\"target\":{\"@type\":\"EntryPoint\",\"urlTemplate\":\"https:\/\/www.privair.com\/fr\/?s={search_term_string}\"},\"query-input\":{\"@type\":\"PropertyValueSpecification\",\"valueRequired\":true,\"valueName\":\"search_term_string\"}}],\"inLanguage\":\"fr-FR\"}]}<\/script>\n<!-- \/ Yoast SEO plugin. -->","yoast_head_json":{"title":"Appareils - Priv&#039;Air","robots":{"index":"index","follow":"follow","max-snippet":"max-snippet:-1","max-image-preview":"max-image-preview:large","max-video-preview":"max-video-preview:-1"},"canonical":"https:\/\/www.privair.com\/fr\/appareils\/","og_locale":"fr_FR","og_type":"article","og_title":"Appareils - Priv&#039;Air","og_description":"[vc_row row_type=\u00a0\u00bbrow\u00a0\u00bb content_width=\u00a0\u00bbfull-width\u00a0\u00bb anchor=\u00a0\u00bb\u00a0\u00bb content_aligment=\u00a0\u00bbleft\u00a0\u00bb css_animation=\u00a0\u00bb\u00a0\u00bb][vc_column][vc_empty_space height=\u00a0\u00bb80px\u00a0\u00bb][\/vc_column][\/vc_row][vc_row row_type=\u00a0\u00bbrow\u00a0\u00bb content_width=\u00a0\u00bbgrid\u00a0\u00bb anchor=\u00a0\u00bb\u00a0\u00bb content_aligment=\u00a0\u00bbleft\u00a0\u00bb css_animation=\u00a0\u00bb\u00a0\u00bb][vc_column width=\u00a0\u00bb1\/2&Prime;][vc_single_image image=\u00a0\u00bb4880&Prime; img_size=\u00a0\u00bblarge\u00a0\u00bb css_animation=\u00a0\u00bbfadeInUp\u00a0\u00bb][\/vc_column][vc_column css_animation=\u00a0\u00bbfadeInUp\u00a0\u00bb width=\u00a0\u00bb1\/2&Prime;][vc_column_text el_class=\u00a0\u00bbbox-service\u00a0\u00bb css=\u00a0\u00bb.vc_custom_1642868450794{margin-top: 24px !important;}\u00a0\u00bb] CITATION MUSTANG Le jet l\u00e9ger pr\u00e9f\u00e9r\u00e9 au monde : simple, s\u00fbr et fiable. \u00a01800 km 4 personnes 630 km\/h[\/vc_column_text][\/vc_column][\/vc_row][vc_row row_type=\u00a0\u00bbrow\u00a0\u00bb content_width=\u00a0\u00bbfull-width\u00a0\u00bb anchor=\u00a0\u00bb\u00a0\u00bb content_aligment=\u00a0\u00bbleft\u00a0\u00bb...","og_url":"https:\/\/www.privair.com\/fr\/appareils\/","og_site_name":"Priv&#039;Air","article_modified_time":"2022-01-31T15:55:31+00:00","og_image":[{"width":209,"height":132,"url":"https:\/\/www.privair.com\/wp-content\/uploads\/2021\/06\/Group-3.jpg","type":"image\/jpeg"}],"twitter_card":"summary_large_image","twitter_misc":{"Dur\u00e9e de lecture estim\u00e9e":"2 minutes"},"schema":{"@context":"https:\/\/schema.org","@graph":[{"@type":"WebPage","@id":"https:\/\/www.privair.com\/fr\/appareils\/","url":"https:\/\/www.privair.com\/fr\/appareils\/","name":"Appareils - Priv&#039;Air","isPartOf":{"@id":"https:\/\/www.privair.com\/fr\/#website"},"primaryImageOfPage":{"@id":"https:\/\/www.privair.com\/fr\/appareils\/#primaryimage"},"image":{"@id":"https:\/\/www.privair.com\/fr\/appareils\/#primaryimage"},"thumbnailUrl":"https:\/\/privair.com\/wp-content\/uploads\/2021\/06\/Group-3.jpg","datePublished":"2015-11-10T13:02:43+00:00","dateModified":"2022-01-31T15:55:31+00:00","breadcrumb":{"@id":"https:\/\/www.privair.com\/fr\/appareils\/#breadcrumb"},"inLanguage":"fr-FR","potentialAction":[{"@type":"ReadAction","target":["https:\/\/www.privair.com\/fr\/appareils\/"]}]},{"@type":"ImageObject","inLanguage":"fr-FR","@id":"https:\/\/www.privair.com\/fr\/appareils\/#primaryimage","url":"https:\/\/privair.com\/wp-content\/uploads\/2021\/06\/Group-3.jpg","contentUrl":"https:\/\/privair.com\/wp-content\/uploads\/2021\/06\/Group-3.jpg"},{"@type":"BreadcrumbList","@id":"https:\/\/www.privair.com\/fr\/appareils\/#breadcrumb","itemListElement":[{"@type":"ListItem","position":1,"name":"Home","item":"https:\/\/www.privair.com\/fr\/"},{"@type":"ListItem","position":2,"name":"Appareils"}]},{"@type":"WebSite","@id":"https:\/\/www.privair.com\/fr\/#website","url":"https:\/\/www.privair.com\/fr\/","name":"Priv&#039;Air","description":"Private Jets and Services","potentialAction":[{"@type":"SearchAction","target":{"@type":"EntryPoint","urlTemplate":"https:\/\/www.privair.com\/fr\/?s={search_term_string}"},"query-input":{"@type":"PropertyValueSpecification","valueRequired":true,"valueName":"search_term_string"}}],"inLanguage":"fr-FR"}]}},"_links":{"self":[{"href":"https:\/\/www.privair.com\/fr\/wp-json\/wp\/v2\/pages\/1776","targetHints":{"allow":["GET"]}}],"collection":[{"href":"https:\/\/www.privair.com\/fr\/wp-json\/wp\/v2\/pages"}],"about":[{"href":"https:\/\/www.privair.com\/fr\/wp-json\/wp\/v2\/types\/page"}],"author":[{"embeddable":true,"href":"https:\/\/www.privair.com\/fr\/wp-json\/wp\/v2\/users\/1"}],"replies":[{"embeddable":true,"href":"https:\/\/www.privair.com\/fr\/wp-json\/wp\/v2\/comments?post=1776"}],"version-history":[{"count":0,"href":"https:\/\/www.privair.com\/fr\/wp-json\/wp\/v2\/pages\/1776\/revisions"}],"wp:attachment":[{"href":"https:\/\/www.privair.com\/fr\/wp-json\/wp\/v2\/media?parent=1776"}],"curies":[{"name":"wp","href":"https:\/\/api.w.org\/{rel}","templated":true}]}}