{"id":5113,"date":"2021-07-13T08:15:21","date_gmt":"2021-07-13T08:15:21","guid":{"rendered":"https:\/\/dev.privair.org\/?page_id=5113"},"modified":"2022-02-02T18:38:07","modified_gmt":"2022-02-02T18:38:07","slug":"helicoptere-prive","status":"publish","type":"page","link":"https:\/\/www.privair.com\/fr\/helicoptere-prive\/","title":{"rendered":"H\u00e9licopt\u00e8re priv\u00e9"},"content":{"rendered":"<p>[vc_row row_type=\u00a0\u00bbrow\u00a0\u00bb content_width=\u00a0\u00bbgrid\u00a0\u00bb anchor=\u00a0\u00bb\u00a0\u00bb content_aligment=\u00a0\u00bbcenter\u00a0\u00bb css_animation=\u00a0\u00bb\u00a0\u00bb][vc_column offset=\u00a0\u00bbvc_col-lg-offset-2 vc_col-lg-8&Prime;][vc_empty_space height=\u00a0\u00bb22&Prime;]<div class=\"eltd-section-title-outer-holder animate\" style=\"text-align: center\">\n\t<div class=\"eltd-section-title-subtitle-holder\">\n\t\t<h3 class=\"eltd-section-subtitle\" style=\";\">Les<\/h3>\n\t<\/div>\n\t<div class=\"eltd-section-title-holder\">\n\t\t<h2 class=\"eltd-section-title\" style=\";\">performances<\/h2>\n\t<\/div>\n<\/div>[vc_empty_space height=\u00a0\u00bb64&Prime;][\/vc_column][\/vc_row][vc_row row_type=\u00a0\u00bbrow\u00a0\u00bb content_width=\u00a0\u00bbgrid\u00a0\u00bb anchor=\u00a0\u00bb\u00a0\u00bb content_aligment=\u00a0\u00bbleft\u00a0\u00bb css_animation=\u00a0\u00bb\u00a0\u00bb][vc_column]<div class=\"eltd-image-gallery\">\n\t<div class=\"eltd-image-gallery-grid eltd-gallery-columns-3 \" >\n\t\t\t\t\t<div class=\"eltd-gallery-image\">\n\t\t\t\t\t\t\t\t<a href=\"https:\/\/www.privair.com\/wp-content\/uploads\/2015\/11\/helicopthere-clientele-prive-1024x681.jpg\" data-rel=\"prettyPhoto[single_pretty_photo]\" title=\"helicopthere-clientele-prive\">\n\t\t\t\t\t\t\t\t\t\t<img loading=\"lazy\" decoding=\"async\" src=\"https:\/\/www.privair.com\/wp-content\/uploads\/2015\/11\/helicopthere-clientele-prive-1024x681.jpg\" alt=\"helicopthere-clientele-prive\" width=\"1024\" height=\"681\">\n\t\t\t\t\t\t\t\t\t<\/a>\n\t\t\t\t\t\t<\/div>\n\t\t\t\t\t<div class=\"eltd-gallery-image\">\n\t\t\t\t\t\t\t\t<a href=\"https:\/\/www.privair.com\/wp-content\/uploads\/2021\/07\/helicopthere.jpg\" data-rel=\"prettyPhoto[single_pretty_photo]\" title=\"helicopthere\">\n\t\t\t\t\t\t\t\t\t\t<img loading=\"lazy\" decoding=\"async\" src=\"https:\/\/www.privair.com\/wp-content\/uploads\/2021\/07\/helicopthere.jpg\" alt=\"helicopthere\" width=\"1024\" height=\"681\">\n\t\t\t\t\t\t\t\t\t<\/a>\n\t\t\t\t\t\t<\/div>\n\t\t\t\t\t<div class=\"eltd-gallery-image\">\n\t\t\t\t\t\t\t\t<a href=\"https:\/\/www.privair.com\/wp-content\/uploads\/2021\/06\/contact-1024x683.jpg\" data-rel=\"prettyPhoto[single_pretty_photo]\" title=\"contact\">\n\t\t\t\t\t\t\t\t\t\t<img loading=\"lazy\" decoding=\"async\" src=\"https:\/\/www.privair.com\/wp-content\/uploads\/2021\/06\/contact-1024x683.jpg\" alt=\"contact\" width=\"1024\" height=\"683\">\n\t\t\t\t\t\t\t\t\t<\/a>\n\t\t\t\t\t\t<\/div>\n\t\t\t<\/div>\n<\/div>[vc_empty_space height=\u00a0\u00bb64&Prime;][\/vc_column][\/vc_row][vc_row row_type=\u00a0\u00bbrow\u00a0\u00bb content_width=\u00a0\u00bbgrid\u00a0\u00bb anchor=\u00a0\u00bb\u00a0\u00bb content_aligment=\u00a0\u00bbleft\u00a0\u00bb css_animation=\u00a0\u00bb\u00a0\u00bb][vc_column css_animation=\u00a0\u00bbfadeInUp\u00a0\u00bb width=\u00a0\u00bb2\/3&Prime;][vc_column_text]<\/p>\n<p style=\"text-align: left;\">Nous travaillons en \u00e9troite collaboration avec nos partenaires prestataires de transport en h\u00e9licopt\u00e8re apr\u00e8s les avoir s\u00e9lectionn\u00e9s tr\u00e8s scrupuleusement avec les m\u00eames exigences que pour nous m\u00eames. La s\u00e9curit\u00e9 reste notre priorit\u00e9 essentielles et les appareils sont extr\u00eamement bien entretenus, r\u00e9cents et confortables.<\/p>\n<p>[\/vc_column_text][\/vc_column][vc_column css_animation=\u00a0\u00bbfadeInRight\u00a0\u00bb width=\u00a0\u00bb1\/3&Prime;][vc_column_text]<img loading=\"lazy\" decoding=\"async\" class=\"alignnone wp-image-4947\" style=\"margin: 0 0 -5px 0px;\" src=\"https:\/\/privair.com\/wp-content\/uploads\/2021\/06\/Group-3.jpg\" alt=\"\" width=\"48\" height=\"30\" \/>\u00a0<strong style=\"color: #c9a480;\">2000 km<\/strong>[\/vc_column_text][vc_column_text]<img loading=\"lazy\" decoding=\"async\" class=\"alignnone wp-image-4948\" style=\"margin: 0 0 -5px 0px;\" src=\"https:\/\/privair.com\/wp-content\/uploads\/2021\/06\/Group-4.jpg\" alt=\"\" width=\"48\" height=\"30\" \/> <strong style=\"color: #c9a480;\">6 personnes<\/strong>[\/vc_column_text][vc_column_text]<img loading=\"lazy\" decoding=\"async\" class=\"alignnone wp-image-4949\" style=\"margin: 0 0 -5px 0px;\" src=\"https:\/\/privair.com\/wp-content\/uploads\/2021\/06\/Group-2.jpg\" alt=\"\" width=\"48\" height=\"30\" \/> <strong style=\"color: #c9a480;\">760 km\/h<\/strong>[\/vc_column_text][\/vc_column][\/vc_row][vc_row row_type=\u00a0\u00bbrow\u00a0\u00bb content_width=\u00a0\u00bbfull-width\u00a0\u00bb anchor=\u00a0\u00bb\u00a0\u00bb content_aligment=\u00a0\u00bbcenter\u00a0\u00bb css_animation=\u00a0\u00bb\u00a0\u00bb][vc_column css_animation=\u00a0\u00bbfadeInUp\u00a0\u00bb][vc_empty_space height=\u00a0\u00bb64&Prime;]<a href=\"\/fr\/appareils\" target=\"_self\"  class=\"eltd-btn eltd-btn-medium eltd-btn-outline\"  >\n    <span class=\"eltd-btn-text\">Retour<\/span>\n    <\/a>[vc_empty_space height=\u00a0\u00bb64&Prime;][\/vc_column][\/vc_row]<\/p>\n","protected":false},"excerpt":{"rendered":"<p>[vc_row row_type=\u00a0\u00bbrow\u00a0\u00bb content_width=\u00a0\u00bbgrid\u00a0\u00bb anchor=\u00a0\u00bb\u00a0\u00bb content_aligment=\u00a0\u00bbcenter\u00a0\u00bb css_animation=\u00a0\u00bb\u00a0\u00bb][vc_column offset=\u00a0\u00bbvc_col-lg-offset-2 vc_col-lg-8&Prime;][vc_empty_space height=\u00a0\u00bb22&Prime;][vc_empty_space height=\u00a0\u00bb64&Prime;][\/vc_column][\/vc_row][vc_row row_type=\u00a0\u00bbrow\u00a0\u00bb content_width=\u00a0\u00bbgrid\u00a0\u00bb anchor=\u00a0\u00bb\u00a0\u00bb content_aligment=\u00a0\u00bbleft\u00a0\u00bb css_animation=\u00a0\u00bb\u00a0\u00bb][vc_column][vc_empty_space height=\u00a0\u00bb64&Prime;][\/vc_column][\/vc_row][vc_row row_type=\u00a0\u00bbrow\u00a0\u00bb content_width=\u00a0\u00bbgrid\u00a0\u00bb anchor=\u00a0\u00bb\u00a0\u00bb content_aligment=\u00a0\u00bbleft\u00a0\u00bb css_animation=\u00a0\u00bb\u00a0\u00bb][vc_column css_animation=\u00a0\u00bbfadeInUp\u00a0\u00bb width=\u00a0\u00bb2\/3&Prime;][vc_column_text] Nous travaillons en \u00e9troite collaboration avec nos partenaires prestataires de transport en h\u00e9licopt\u00e8re apr\u00e8s les avoir s\u00e9lectionn\u00e9s tr\u00e8s scrupuleusement avec les m\u00eames&#8230;<\/p>\n","protected":false},"author":1,"featured_media":0,"parent":0,"menu_order":0,"comment_status":"closed","ping_status":"closed","template":"full-width.php","meta":{"footnotes":""},"class_list":["post-5113","page","type-page","status-publish","hentry"],"yoast_head":"<!-- This site is optimized with the Yoast SEO plugin v24.8.1 - https:\/\/yoast.com\/wordpress\/plugins\/seo\/ -->\n<title>H\u00e9licopt\u00e8re priv\u00e9 - Priv&#039;Air<\/title>\n<meta name=\"robots\" content=\"index, follow, max-snippet:-1, max-image-preview:large, max-video-preview:-1\" \/>\n<link rel=\"canonical\" href=\"https:\/\/www.privair.com\/fr\/helicoptere-prive\/\" \/>\n<meta property=\"og:locale\" content=\"fr_FR\" \/>\n<meta property=\"og:type\" content=\"article\" \/>\n<meta property=\"og:title\" content=\"H\u00e9licopt\u00e8re priv\u00e9 - Priv&#039;Air\" \/>\n<meta property=\"og:description\" content=\"[vc_row row_type=\u00a0\u00bbrow\u00a0\u00bb content_width=\u00a0\u00bbgrid\u00a0\u00bb anchor=\u00a0\u00bb\u00a0\u00bb content_aligment=\u00a0\u00bbcenter\u00a0\u00bb css_animation=\u00a0\u00bb\u00a0\u00bb][vc_column offset=\u00a0\u00bbvc_col-lg-offset-2 vc_col-lg-8&Prime;][vc_empty_space height=\u00a0\u00bb22&Prime;][vc_empty_space height=\u00a0\u00bb64&Prime;][\/vc_column][\/vc_row][vc_row row_type=\u00a0\u00bbrow\u00a0\u00bb content_width=\u00a0\u00bbgrid\u00a0\u00bb anchor=\u00a0\u00bb\u00a0\u00bb content_aligment=\u00a0\u00bbleft\u00a0\u00bb css_animation=\u00a0\u00bb\u00a0\u00bb][vc_column][vc_empty_space height=\u00a0\u00bb64&Prime;][\/vc_column][\/vc_row][vc_row row_type=\u00a0\u00bbrow\u00a0\u00bb content_width=\u00a0\u00bbgrid\u00a0\u00bb anchor=\u00a0\u00bb\u00a0\u00bb content_aligment=\u00a0\u00bbleft\u00a0\u00bb css_animation=\u00a0\u00bb\u00a0\u00bb][vc_column css_animation=\u00a0\u00bbfadeInUp\u00a0\u00bb width=\u00a0\u00bb2\/3&Prime;][vc_column_text] Nous travaillons en \u00e9troite collaboration avec nos partenaires prestataires de transport en h\u00e9licopt\u00e8re apr\u00e8s les avoir s\u00e9lectionn\u00e9s tr\u00e8s scrupuleusement avec les m\u00eames...\" \/>\n<meta property=\"og:url\" content=\"https:\/\/www.privair.com\/fr\/helicoptere-prive\/\" \/>\n<meta property=\"og:site_name\" content=\"Priv&#039;Air\" \/>\n<meta property=\"article:modified_time\" content=\"2022-02-02T18:38:07+00:00\" \/>\n<meta property=\"og:image\" content=\"https:\/\/privair.com\/wp-content\/uploads\/2021\/06\/Group-3.jpg\" \/>\n<meta name=\"twitter:card\" content=\"summary_large_image\" \/>\n<meta name=\"twitter:label1\" content=\"Dur\u00e9e de lecture estim\u00e9e\" \/>\n\t<meta name=\"twitter:data1\" content=\"1 minute\" \/>\n<script type=\"application\/ld+json\" class=\"yoast-schema-graph\">{\"@context\":\"https:\/\/schema.org\",\"@graph\":[{\"@type\":\"WebPage\",\"@id\":\"https:\/\/www.privair.com\/fr\/helicoptere-prive\/\",\"url\":\"https:\/\/www.privair.com\/fr\/helicoptere-prive\/\",\"name\":\"H\u00e9licopt\u00e8re priv\u00e9 - Priv&#039;Air\",\"isPartOf\":{\"@id\":\"https:\/\/www.privair.com\/fr\/#website\"},\"primaryImageOfPage\":{\"@id\":\"https:\/\/www.privair.com\/fr\/helicoptere-prive\/#primaryimage\"},\"image\":{\"@id\":\"https:\/\/www.privair.com\/fr\/helicoptere-prive\/#primaryimage\"},\"thumbnailUrl\":\"https:\/\/privair.com\/wp-content\/uploads\/2021\/06\/Group-3.jpg\",\"datePublished\":\"2021-07-13T08:15:21+00:00\",\"dateModified\":\"2022-02-02T18:38:07+00:00\",\"breadcrumb\":{\"@id\":\"https:\/\/www.privair.com\/fr\/helicoptere-prive\/#breadcrumb\"},\"inLanguage\":\"fr-FR\",\"potentialAction\":[{\"@type\":\"ReadAction\",\"target\":[\"https:\/\/www.privair.com\/fr\/helicoptere-prive\/\"]}]},{\"@type\":\"ImageObject\",\"inLanguage\":\"fr-FR\",\"@id\":\"https:\/\/www.privair.com\/fr\/helicoptere-prive\/#primaryimage\",\"url\":\"https:\/\/privair.com\/wp-content\/uploads\/2021\/06\/Group-3.jpg\",\"contentUrl\":\"https:\/\/privair.com\/wp-content\/uploads\/2021\/06\/Group-3.jpg\"},{\"@type\":\"BreadcrumbList\",\"@id\":\"https:\/\/www.privair.com\/fr\/helicoptere-prive\/#breadcrumb\",\"itemListElement\":[{\"@type\":\"ListItem\",\"position\":1,\"name\":\"Home\",\"item\":\"https:\/\/www.privair.com\/fr\/\"},{\"@type\":\"ListItem\",\"position\":2,\"name\":\"H\u00e9licopt\u00e8re priv\u00e9\"}]},{\"@type\":\"WebSite\",\"@id\":\"https:\/\/www.privair.com\/fr\/#website\",\"url\":\"https:\/\/www.privair.com\/fr\/\",\"name\":\"Priv&#039;Air\",\"description\":\"Private Jets and Services\",\"potentialAction\":[{\"@type\":\"SearchAction\",\"target\":{\"@type\":\"EntryPoint\",\"urlTemplate\":\"https:\/\/www.privair.com\/fr\/?s={search_term_string}\"},\"query-input\":{\"@type\":\"PropertyValueSpecification\",\"valueRequired\":true,\"valueName\":\"search_term_string\"}}],\"inLanguage\":\"fr-FR\"}]}<\/script>\n<!-- \/ Yoast SEO plugin. -->","yoast_head_json":{"title":"H\u00e9licopt\u00e8re priv\u00e9 - Priv&#039;Air","robots":{"index":"index","follow":"follow","max-snippet":"max-snippet:-1","max-image-preview":"max-image-preview:large","max-video-preview":"max-video-preview:-1"},"canonical":"https:\/\/www.privair.com\/fr\/helicoptere-prive\/","og_locale":"fr_FR","og_type":"article","og_title":"H\u00e9licopt\u00e8re priv\u00e9 - Priv&#039;Air","og_description":"[vc_row row_type=\u00a0\u00bbrow\u00a0\u00bb content_width=\u00a0\u00bbgrid\u00a0\u00bb anchor=\u00a0\u00bb\u00a0\u00bb content_aligment=\u00a0\u00bbcenter\u00a0\u00bb css_animation=\u00a0\u00bb\u00a0\u00bb][vc_column offset=\u00a0\u00bbvc_col-lg-offset-2 vc_col-lg-8&Prime;][vc_empty_space height=\u00a0\u00bb22&Prime;][vc_empty_space height=\u00a0\u00bb64&Prime;][\/vc_column][\/vc_row][vc_row row_type=\u00a0\u00bbrow\u00a0\u00bb content_width=\u00a0\u00bbgrid\u00a0\u00bb anchor=\u00a0\u00bb\u00a0\u00bb content_aligment=\u00a0\u00bbleft\u00a0\u00bb css_animation=\u00a0\u00bb\u00a0\u00bb][vc_column][vc_empty_space height=\u00a0\u00bb64&Prime;][\/vc_column][\/vc_row][vc_row row_type=\u00a0\u00bbrow\u00a0\u00bb content_width=\u00a0\u00bbgrid\u00a0\u00bb anchor=\u00a0\u00bb\u00a0\u00bb content_aligment=\u00a0\u00bbleft\u00a0\u00bb css_animation=\u00a0\u00bb\u00a0\u00bb][vc_column css_animation=\u00a0\u00bbfadeInUp\u00a0\u00bb width=\u00a0\u00bb2\/3&Prime;][vc_column_text] Nous travaillons en \u00e9troite collaboration avec nos partenaires prestataires de transport en h\u00e9licopt\u00e8re apr\u00e8s les avoir s\u00e9lectionn\u00e9s tr\u00e8s scrupuleusement avec les m\u00eames...","og_url":"https:\/\/www.privair.com\/fr\/helicoptere-prive\/","og_site_name":"Priv&#039;Air","article_modified_time":"2022-02-02T18:38:07+00:00","og_image":[{"url":"https:\/\/privair.com\/wp-content\/uploads\/2021\/06\/Group-3.jpg","type":"","width":"","height":""}],"twitter_card":"summary_large_image","twitter_misc":{"Dur\u00e9e de lecture estim\u00e9e":"1 minute"},"schema":{"@context":"https:\/\/schema.org","@graph":[{"@type":"WebPage","@id":"https:\/\/www.privair.com\/fr\/helicoptere-prive\/","url":"https:\/\/www.privair.com\/fr\/helicoptere-prive\/","name":"H\u00e9licopt\u00e8re priv\u00e9 - Priv&#039;Air","isPartOf":{"@id":"https:\/\/www.privair.com\/fr\/#website"},"primaryImageOfPage":{"@id":"https:\/\/www.privair.com\/fr\/helicoptere-prive\/#primaryimage"},"image":{"@id":"https:\/\/www.privair.com\/fr\/helicoptere-prive\/#primaryimage"},"thumbnailUrl":"https:\/\/privair.com\/wp-content\/uploads\/2021\/06\/Group-3.jpg","datePublished":"2021-07-13T08:15:21+00:00","dateModified":"2022-02-02T18:38:07+00:00","breadcrumb":{"@id":"https:\/\/www.privair.com\/fr\/helicoptere-prive\/#breadcrumb"},"inLanguage":"fr-FR","potentialAction":[{"@type":"ReadAction","target":["https:\/\/www.privair.com\/fr\/helicoptere-prive\/"]}]},{"@type":"ImageObject","inLanguage":"fr-FR","@id":"https:\/\/www.privair.com\/fr\/helicoptere-prive\/#primaryimage","url":"https:\/\/privair.com\/wp-content\/uploads\/2021\/06\/Group-3.jpg","contentUrl":"https:\/\/privair.com\/wp-content\/uploads\/2021\/06\/Group-3.jpg"},{"@type":"BreadcrumbList","@id":"https:\/\/www.privair.com\/fr\/helicoptere-prive\/#breadcrumb","itemListElement":[{"@type":"ListItem","position":1,"name":"Home","item":"https:\/\/www.privair.com\/fr\/"},{"@type":"ListItem","position":2,"name":"H\u00e9licopt\u00e8re priv\u00e9"}]},{"@type":"WebSite","@id":"https:\/\/www.privair.com\/fr\/#website","url":"https:\/\/www.privair.com\/fr\/","name":"Priv&#039;Air","description":"Private Jets and Services","potentialAction":[{"@type":"SearchAction","target":{"@type":"EntryPoint","urlTemplate":"https:\/\/www.privair.com\/fr\/?s={search_term_string}"},"query-input":{"@type":"PropertyValueSpecification","valueRequired":true,"valueName":"search_term_string"}}],"inLanguage":"fr-FR"}]}},"_links":{"self":[{"href":"https:\/\/www.privair.com\/fr\/wp-json\/wp\/v2\/pages\/5113","targetHints":{"allow":["GET"]}}],"collection":[{"href":"https:\/\/www.privair.com\/fr\/wp-json\/wp\/v2\/pages"}],"about":[{"href":"https:\/\/www.privair.com\/fr\/wp-json\/wp\/v2\/types\/page"}],"author":[{"embeddable":true,"href":"https:\/\/www.privair.com\/fr\/wp-json\/wp\/v2\/users\/1"}],"replies":[{"embeddable":true,"href":"https:\/\/www.privair.com\/fr\/wp-json\/wp\/v2\/comments?post=5113"}],"version-history":[{"count":0,"href":"https:\/\/www.privair.com\/fr\/wp-json\/wp\/v2\/pages\/5113\/revisions"}],"wp:attachment":[{"href":"https:\/\/www.privair.com\/fr\/wp-json\/wp\/v2\/media?parent=5113"}],"curies":[{"name":"wp","href":"https:\/\/api.w.org\/{rel}","templated":true}]}}